{"id":1181,"date":"2019-08-28T15:31:18","date_gmt":"2019-08-28T15:31:18","guid":{"rendered":"https:\/\/die-gruenen-meppen.de\/?page_id=1181"},"modified":"2026-02-13T16:22:36","modified_gmt":"2026-02-13T16:22:36","slug":"neumitglieder","status":"publish","type":"page","link":"https:\/\/gruene-emsland-mitte.de\/?page_id=1181","title":{"rendered":"Neumitglieder-Info"},"content":{"rendered":"\n<p>Hallo liebe Besucherin, lieber Besucher,<\/p>\n\n\n\n<p>Ihr interessiert euch f\u00fcr die Gr\u00fcnen in der Region Geeste, Haren, Hasel\u00fcnne, Herzlake, Meppen oder Twist?<br><br>Auf den folgenden Seiten findet ihr eure Anprechperson<\/p>\n\n\n\n<p><a href=\"https:\/\/gruene-emsland-mitte.de\/?cat=93\">Geeste<\/a><br><a href=\"https:\/\/gruene-emsland-mitte.de\/?cat=89\">Haren<\/a><br><a href=\"https:\/\/gruene-emsland-mitte.de\/?cat=71\">Hasel\u00fcnne<\/a><br><a href=\"https:\/\/gruene-emsland-mitte.de\/?cat=96\">Herzlake<\/a><br><a href=\"https:\/\/gruene-emsland-mitte.de\/?cat=26\">Meppen<\/a><br><a href=\"https:\/\/gruene-emsland-mitte.de\/?cat=97\">Twist<\/a><\/p>\n\n\n\n<p>So tretet ihr mit uns in Kontakt:<\/p>\n\n\n\n<h4 class=\"wp-block-heading\">Variante 1: via Email<\/h4>\n\n\n\n<p>Ihr k\u00f6nnt uns gerne eine Email schreiben:<br>mitglieder@gruene-emsland-mitte.de<\/p>\n\n\n\n<hr class=\"wp-block-separator has-css-opacity\"\/>\n\n\n\n<h4 class=\"wp-block-heading\"><br>Variante 2: schnuppert mal in unsere Ortsverbandssitzungen rein oder schaut bei einem Neumitgliedertreffen vorbei.<\/h4>\n\n\n\n<p>Hier findet ihr die Termine: <br><a href=\"http:\/\/termine.emsgruen.de\">http:\/\/termine.emsgruen.de<\/a><\/p>\n\n\n\n<figure class=\"wp-block-embed is-type-wp-embed is-provider-grune-emsland-mitte wp-block-embed-grune-emsland-mitte\"><div class=\"wp-block-embed__wrapper\">\nhttps:\/\/gruene-emsland-mitte.de\/?termine=ortsversammlung-2\n<\/div><\/figure>\n\n\n\n<hr class=\"wp-block-separator has-css-opacity\"\/>\n\n\n\n<h4 class=\"wp-block-heading\"><br>Variante 3: via Facebook<\/h4>\n\n\n\n<p>Gerne k\u00f6nnt ihr uns auf Facebook folgen:<\/p>\n\n\n\n<p><a href=\"https:\/\/www.facebook.com\/gruene.el.mitte\/\">https:\/\/www.facebook.com\/gruene.el.mitte\/<\/a><\/p>\n\n\n\n<hr class=\"wp-block-separator has-css-opacity\"\/>\n\n\n\n<h3 class=\"wp-block-heading\"><br>Frequently Asked Questions (FAQ):<\/h3>\n\n\n\n<p>F: Muss ich Mitglied sein, um bei einem der monatlichen Treffen Gast sein zu k\u00f6nnen?<br>A: Nein, nicht sofort. Gerne schaut  zwei, drei mal vorbei. Wir geben gerne weitere Informationen zur Mitgliedschaft.<\/p>\n\n\n\n<p>F: Wie teuer ist eine Mitgliedschaft und wie sind die K\u00fcndigungsfristen?<br>A: Der Beitrag ist freiwillig gestaltet, betr\u00e4gt aber in der Regel 1% vom Nettoeinkommen. F\u00fcr Jugendliche, Studierende, Auszubildende und Berechtigte k\u00f6nnen die Beitr\u00e4ge auch niedriger ausfallen &#8211; einfach fragen.<\/p>\n","protected":false},"excerpt":{"rendered":"<p>Hallo liebe Besucherin, lieber Besucher, Ihr interessiert euch f\u00fcr die Gr\u00fcnen in der Region Geeste, Haren, Hasel\u00fcnne, Herzlake, Meppen oder Twist? Auf den folgenden Seiten findet ihr eure Anprechperson GeesteHarenHasel\u00fcnneHerzlakeMeppenTwist [&hellip;]<\/p>\n","protected":false},"author":1,"featured_media":0,"parent":0,"menu_order":0,"comment_status":"closed","ping_status":"closed","template":"","meta":{"footnotes":""},"class_list":["post-1181","page","type-page","status-publish","hentry"],"_links":{"self":[{"href":"https:\/\/gruene-emsland-mitte.de\/index.php?rest_route=\/wp\/v2\/pages\/1181","targetHints":{"allow":["GET"]}}],"collection":[{"href":"https:\/\/gruene-emsland-mitte.de\/index.php?rest_route=\/wp\/v2\/pages"}],"about":[{"href":"https:\/\/gruene-emsland-mitte.de\/index.php?rest_route=\/wp\/v2\/types\/page"}],"author":[{"embeddable":true,"href":"https:\/\/gruene-emsland-mitte.de\/index.php?rest_route=\/wp\/v2\/users\/1"}],"replies":[{"embeddable":true,"href":"https:\/\/gruene-emsland-mitte.de\/index.php?rest_route=%2Fwp%2Fv2%2Fcomments&post=1181"}],"version-history":[{"count":9,"href":"https:\/\/gruene-emsland-mitte.de\/index.php?rest_route=\/wp\/v2\/pages\/1181\/revisions"}],"predecessor-version":[{"id":3020,"href":"https:\/\/gruene-emsland-mitte.de\/index.php?rest_route=\/wp\/v2\/pages\/1181\/revisions\/3020"}],"wp:attachment":[{"href":"https:\/\/gruene-emsland-mitte.de\/index.php?rest_route=%2Fwp%2Fv2%2Fmedia&parent=1181"}],"curies":[{"name":"wp","href":"https:\/\/api.w.org\/{rel}","templated":true}]}}