{"id":2036,"date":"2021-08-13T14:03:45","date_gmt":"2021-08-13T14:03:45","guid":{"rendered":"https:\/\/gruene-emsland-mitte.de\/?page_id=2036"},"modified":"2021-08-13T14:03:45","modified_gmt":"2021-08-13T14:03:45","slug":"ags-der-gruenen-emsland-mitte","status":"publish","type":"page","link":"https:\/\/gruene-emsland-mitte.de\/?page_id=2036","title":{"rendered":"AGs der Gr\u00fcnen Emsland Mitte"},"content":{"rendered":"\n<p class=\"has-medium-font-size\">In unserem Ortsverein sind wir so organisiert, dass wir f\u00fcr verschiedene Themen Arbeitsgemeinschaften bilden.<br>Einige Arbeitsgemeinschaften sind von tempor\u00e4rer Natur und schlie\u00dfen wieder nachdem das Ziel erreicht ist (wie zum Beispiel unsere AG Kommunalwahl), andere etablieren sich zu einer festen Instanz (wie zum Beispiel unsere AG Landwirtschaft) und wieder andere werden immer mal wieder reaktiviert.<br><br>Unsere AGs sind eine tolle M\u00f6glichkeit gerade f\u00fcr Neumitglieder oder auch G\u00e4ste, sich mit der politischen Arbeit der Gr\u00fcnen auseinanderzusetzen und direkt mit Rat und Tat mitzugestalten.<br><br>In unseren AGs wird debattiert, entwickelt, \u00fcberlegt und nat\u00fcrlich auch sich gepflegt unterhalten und sich kennengelernt. <br><br>In unseren AGs arbeiten wir mit der Stadtratsfraktion und Kreistagsfraktion zusammen, arbeiten ihnen zu, vorverfassen Antr\u00e4ge, beleuchten Hintergr\u00fcnde. Sie bilden auch eine wichtige Schnittstelle zu externen Experten oder zur Bev\u00f6lkerung. <br>Durch die Struktur der Gr\u00fcnen ist es von den AGs aus \u00fcber den Kreisverein  ein ganz kurzer Weg hin zur Landtagsebene in Hannover oder auch der dar\u00fcber liegenden Bundesebene in Berlin. Wir sind somit bestens vernetzt.<br><br>In unseren AGs werden aber nicht nur Antr\u00e4ge entwickelt. Es werden auch Konzepte erarbeitet und  Pressemitteilungen verfasst. Die Schnittstelle zu den Medien ist ebenfalls vorhanden.<br><br>Der Presseoutput wird \u00fcber unsere MedienAG redigiert und gelangt dann \u00fcber den Vorstand zur- und in die Zeitung.<br><br>Solltet ihr Interesse haben, hier mal hineinzuschnuppern, meldet euch gerne. Ob jung (wir haben auch eine Gr\u00fcne Jugend) oder alt, kommt herbei und helft uns, aktiv f\u00fcr den Klimaschutz stark zu sein. <br><br>Eure Gr\u00fcnen aus dem Emsland Mitte.<br><br><\/p>\n","protected":false},"excerpt":{"rendered":"<p>In unserem Ortsverein sind wir so organisiert, dass wir f\u00fcr verschiedene Themen Arbeitsgemeinschaften bilden.Einige Arbeitsgemeinschaften sind von tempor\u00e4rer Natur und schlie\u00dfen wieder nachdem das Ziel erreicht ist (wie zum Beispiel [&hellip;]<\/p>\n","protected":false},"author":4,"featured_media":0,"parent":0,"menu_order":0,"comment_status":"closed","ping_status":"closed","template":"","meta":{"footnotes":""},"class_list":["post-2036","page","type-page","status-publish","hentry"],"_links":{"self":[{"href":"https:\/\/gruene-emsland-mitte.de\/index.php?rest_route=\/wp\/v2\/pages\/2036","targetHints":{"allow":["GET"]}}],"collection":[{"href":"https:\/\/gruene-emsland-mitte.de\/index.php?rest_route=\/wp\/v2\/pages"}],"about":[{"href":"https:\/\/gruene-emsland-mitte.de\/index.php?rest_route=\/wp\/v2\/types\/page"}],"author":[{"embeddable":true,"href":"https:\/\/gruene-emsland-mitte.de\/index.php?rest_route=\/wp\/v2\/users\/4"}],"replies":[{"embeddable":true,"href":"https:\/\/gruene-emsland-mitte.de\/index.php?rest_route=%2Fwp%2Fv2%2Fcomments&post=2036"}],"version-history":[{"count":1,"href":"https:\/\/gruene-emsland-mitte.de\/index.php?rest_route=\/wp\/v2\/pages\/2036\/revisions"}],"predecessor-version":[{"id":2037,"href":"https:\/\/gruene-emsland-mitte.de\/index.php?rest_route=\/wp\/v2\/pages\/2036\/revisions\/2037"}],"wp:attachment":[{"href":"https:\/\/gruene-emsland-mitte.de\/index.php?rest_route=%2Fwp%2Fv2%2Fmedia&parent=2036"}],"curies":[{"name":"wp","href":"https:\/\/api.w.org\/{rel}","templated":true}]}}