{"id":2038,"date":"2021-08-13T14:05:13","date_gmt":"2021-08-13T14:05:13","guid":{"rendered":"https:\/\/gruene-emsland-mitte.de\/?page_id=2038"},"modified":"2025-07-09T17:27:09","modified_gmt":"2025-07-09T17:27:09","slug":"ag-landwirtschaft","status":"publish","type":"page","link":"https:\/\/gruene-emsland-mitte.de\/?page_id=2038","title":{"rendered":"AG Landwirtschaft"},"content":{"rendered":"\n<p class=\"has-medium-font-size\"><strong>F\u00fcr eine tiergerechte, umweltschonende und ausk\u00f6mmliche\u00a0Landwirtschaft!<\/strong><\/p>\n\n\n\n<p class=\"has-medium-font-size\"><br>Wie unsere Lebensmittel produziert werden, geht uns alle an! Unsere Landwirtschaft in Deutschland \u2013 insbesondere die im Emsland &#8211; ist hochproduktiv, aber auch mit vielen Herausforerungen verbunden.<\/p>\n\n\n\n<p class=\"has-medium-font-size\"><br><strong>B\u00e4uerinnen und Bauern m\u00fcssen von Landwirtschaft leben k\u00f6nnen!<\/strong><\/p>\n\n\n\n<p class=\"has-medium-font-size\"><br>Wir machen uns stark f\u00fcr nachhaltigen Acker- und Gartenbau und eine lebenswerte Tierhaltung im Emsland und in Niedersachsen, von denen die B\u00e4uerinnen und Bauern leben k\u00f6nnen. Wir greifen nahezu alle Themen der Landwirtschaft bei unseren Treffen auf und vertiefen die Themen mit Verb\u00e4nden, praktizierenden Betrieben und vernetzen diese auch gern zu unseren GR\u00dcNEN Politiker*innen.\u00a0<\/p>\n\n\n\n<p class=\"has-medium-font-size\"><br><strong>L\u00e4ndliche R\u00e4ume sind lebenswert \u2013 wir wollen sie erhalten und entwickeln.<\/strong><\/p>\n\n\n\n<p class=\"has-medium-font-size\"><br>Eine vielf\u00e4ltige, b\u00e4uerliche und \u00f6kologische Landwirtschaft ist nicht nur gut f\u00fcr die Umwelt, sie schafft auch Arbeitspl\u00e4tze im l\u00e4ndlichen Raum. Ein Dorfladen, kombiniert mit einem Caf\u00e9, kann eine Initialz\u00fcndung f\u00fcr ein intensiveres Miteinander in einer Dorfgemeinschaft sein. Mit den Menschen zusammen m\u00f6chten wir Problemstellungen diskutieren und L\u00f6sungen finden.<\/p>\n\n\n\n<p class=\"has-medium-font-size\"><br><strong>Interesse?<\/strong><\/p>\n\n\n\n<p class=\"has-medium-font-size\"><br>Ihr interessiert euch f\u00fcr Landwirtschaftsthemen und wollt Politik aktiv mitgestalten? Jede und jeder kann bei uns mitmachen. Melde Dich bei uns und wir nehmen Dich gern in unseren Verteiler auf.<\/p>\n\n\n\n<p class=\"has-medium-font-size\"><br><strong>Termine<\/strong><\/p>\n\n\n\n<p class=\"has-medium-font-size\"><br>Wir treffen uns m\u00f6glichst regelm\u00e4\u00dfig mindestens einmal im Monat.<br>Das n\u00e4chste Treffen findet am 10.09.2024 statt.<\/p>\n\n\n\n<p>Sprecherin: Anna Hanses<br>E-Mail: l<a href=\"#\" data-unscramble=\"ed.ettim-le-eneurg@tfahcstriwdna\">andwirtschaft@gruene-el-mitte.de<\/a><br>Stand: 30.08.2024<\/p>\n","protected":false},"excerpt":{"rendered":"<p>F\u00fcr eine tiergerechte, umweltschonende und ausk\u00f6mmliche\u00a0Landwirtschaft! Wie unsere Lebensmittel produziert werden, geht uns alle an! Unsere Landwirtschaft in Deutschland \u2013 insbesondere die im Emsland &#8211; ist hochproduktiv, aber auch mit [&hellip;]<\/p>\n","protected":false},"author":4,"featured_media":0,"parent":0,"menu_order":0,"comment_status":"closed","ping_status":"closed","template":"","meta":{"footnotes":""},"class_list":["post-2038","page","type-page","status-publish","hentry"],"_links":{"self":[{"href":"https:\/\/gruene-emsland-mitte.de\/index.php?rest_route=\/wp\/v2\/pages\/2038","targetHints":{"allow":["GET"]}}],"collection":[{"href":"https:\/\/gruene-emsland-mitte.de\/index.php?rest_route=\/wp\/v2\/pages"}],"about":[{"href":"https:\/\/gruene-emsland-mitte.de\/index.php?rest_route=\/wp\/v2\/types\/page"}],"author":[{"embeddable":true,"href":"https:\/\/gruene-emsland-mitte.de\/index.php?rest_route=\/wp\/v2\/users\/4"}],"replies":[{"embeddable":true,"href":"https:\/\/gruene-emsland-mitte.de\/index.php?rest_route=%2Fwp%2Fv2%2Fcomments&post=2038"}],"version-history":[{"count":2,"href":"https:\/\/gruene-emsland-mitte.de\/index.php?rest_route=\/wp\/v2\/pages\/2038\/revisions"}],"predecessor-version":[{"id":2681,"href":"https:\/\/gruene-emsland-mitte.de\/index.php?rest_route=\/wp\/v2\/pages\/2038\/revisions\/2681"}],"wp:attachment":[{"href":"https:\/\/gruene-emsland-mitte.de\/index.php?rest_route=%2Fwp%2Fv2%2Fmedia&parent=2038"}],"curies":[{"name":"wp","href":"https:\/\/api.w.org\/{rel}","templated":true}]}}