{"id":2042,"date":"2021-08-13T14:17:10","date_gmt":"2021-08-13T14:17:10","guid":{"rendered":"https:\/\/gruene-emsland-mitte.de\/?page_id=2042"},"modified":"2021-08-13T14:47:17","modified_gmt":"2021-08-13T14:47:17","slug":"ag-medien","status":"publish","type":"page","link":"https:\/\/gruene-emsland-mitte.de\/?page_id=2042","title":{"rendered":"AG Medien"},"content":{"rendered":"\n<p class=\"has-medium-font-size\">Unsere Medien-AG. In dieser AG sind erstmal aus jeder Ortsgruppe mindestens ein Mitglied. Sie fungiert zum einen als Gruppe, die Pressetexte redigiert, sie k\u00fcmmert sich allerdings auch um die sozialen Medien sowie um die Webseite  und ist die Schnittstelle zwischen den Mitgliedern \/ den AGs und dem Vorstand.<br>In der Mediengruppe befinden sich zudem die Mitglieder des erweiterten Vorstands.  <br>Die Medien-AG ist im t\u00e4glichen Kontakt via Messenger und tagt ganz terminunabh\u00e4ngig mal digital mal analog.<br>Sie ist eine interne AG, in der G\u00e4ste nicht zul\u00e4ssig sind. <br><br>Mitglieder der AG Medien sind:<br><br>Nicolas Breer<br>Christoph Dornieden<br>Theresa Gothe<br>Melanie Kuipers<br>Heiko L\u00fcbben<br>Esther Schwill<br>Sandra Tieben<br>Dagmar Untiedt <br>Hanna Clara Wiegmann<br>Lukas Wiegmann<br><br><br>Du m\u00f6chtest uns kontaktieren? <br>Schreibe einfach an mitglieder@gruene-emsland-mitte.de<br>Oder schreibe uns privat \u00fcber den Messenger an &#8211; das geht noch viel schneller. <br><br><br><br> <\/p>\n","protected":false},"excerpt":{"rendered":"<p>Unsere Medien-AG. In dieser AG sind erstmal aus jeder Ortsgruppe mindestens ein Mitglied. Sie fungiert zum einen als Gruppe, die Pressetexte redigiert, sie k\u00fcmmert sich allerdings auch um die sozialen [&hellip;]<\/p>\n","protected":false},"author":4,"featured_media":0,"parent":0,"menu_order":0,"comment_status":"closed","ping_status":"closed","template":"","meta":{"footnotes":""},"class_list":["post-2042","page","type-page","status-publish","hentry"],"_links":{"self":[{"href":"https:\/\/gruene-emsland-mitte.de\/index.php?rest_route=\/wp\/v2\/pages\/2042","targetHints":{"allow":["GET"]}}],"collection":[{"href":"https:\/\/gruene-emsland-mitte.de\/index.php?rest_route=\/wp\/v2\/pages"}],"about":[{"href":"https:\/\/gruene-emsland-mitte.de\/index.php?rest_route=\/wp\/v2\/types\/page"}],"author":[{"embeddable":true,"href":"https:\/\/gruene-emsland-mitte.de\/index.php?rest_route=\/wp\/v2\/users\/4"}],"replies":[{"embeddable":true,"href":"https:\/\/gruene-emsland-mitte.de\/index.php?rest_route=%2Fwp%2Fv2%2Fcomments&post=2042"}],"version-history":[{"count":3,"href":"https:\/\/gruene-emsland-mitte.de\/index.php?rest_route=\/wp\/v2\/pages\/2042\/revisions"}],"predecessor-version":[{"id":2056,"href":"https:\/\/gruene-emsland-mitte.de\/index.php?rest_route=\/wp\/v2\/pages\/2042\/revisions\/2056"}],"wp:attachment":[{"href":"https:\/\/gruene-emsland-mitte.de\/index.php?rest_route=%2Fwp%2Fv2%2Fmedia&parent=2042"}],"curies":[{"name":"wp","href":"https:\/\/api.w.org\/{rel}","templated":true}]}}