{"id":2044,"date":"2021-08-13T14:19:57","date_gmt":"2021-08-13T14:19:57","guid":{"rendered":"https:\/\/gruene-emsland-mitte.de\/?page_id=2044"},"modified":"2021-08-13T14:25:20","modified_gmt":"2021-08-13T14:25:20","slug":"gruene-jugend","status":"publish","type":"page","link":"https:\/\/gruene-emsland-mitte.de\/?page_id=2044","title":{"rendered":"Gr\u00fcne Jugend"},"content":{"rendered":"\n<p class=\"has-medium-font-size\">Die Gr\u00fcne Jugend Emsland \/ Grafschaft Bentheim<br><br>Wir sind die Gr\u00fcne Jugend in der Grafschaft Bentheim und Emsland und haben uns Anfang des Jahres gegr\u00fcndet, sind also noch ganz frisch dabei, was aber nicht bedeutet, dass man uns und unsere Ziele nicht ernst nehmen muss.<br>Wichtige Themen sind f\u00fcr uns der Klimaschutz, der Bildungspolitik, das Bek\u00e4mpfen des  Patriarchats, die Verbesserung von Migration &amp; Integration und vieles mehr, was sowohl das ganze Land betrifft als auch unsere Region.<br>Uns allen ist wichtig, etwas in unserem Heimatort zu bewegen, weswegen wir uns jetzt auch offiziell politisch engagieren, nachdem viele von uns zuvor schon aktivistisch t\u00e4tig waren, sei es bei Fridays-for-Future oder Amnesty International.<br>Wir wollen bewirken, dass das Emsland und die Grafschaft \u201cgr\u00fcner\u201d wird, sowohl im politischen<br>Sinne als auch umwelttechnisch, dabei ist es uns aber auch wichtig, auf die hier lebenden Menschen und ihre Lebenssituationen R\u00fccksicht zu nehmen, weshalb wir, sobald es wieder m\u00f6glich ist, in der \u00d6ffentlichkeit das Gespr\u00e4ch suchen und mit Menschen Politik zu machen, statt \u00fcber ihren K\u00f6pfen hinweg.<br>Sich bei uns zu engagieren ist weder an einen Vertrag noch an Regeln gebunden, wir freuen uns \u00fcber jede Person, die einen noch so kleinen Beitrag leisten m\u00f6chte und sich politisch mit uns zusammen engagieren will.<br>Falls das nach etwas klingt, wof\u00fcr auch du dich einsetzen m\u00f6chtest, dann besuch unsere Instagram Seite @gj_grafschaft_emsland und schreib uns eine Nachricht, vielleicht sieht man sich ja schon bald beim n\u00e4chsten Plenum!<br><br>Hinweis vom OV Emsland Mitte:<br><em>Du m\u00f6chtest uns eine Email schreiben oder bei den Gr\u00fcnen Emsland Mitte mitmachen?<br>Dann schreibe doch einfach eine Mail an mitglieder@gruene-emsland-mitte.de <br>Gerne stellen wir den Kontakt her. <br>Du kannst dich nat\u00fcrlich unverbindlich informieren. Das kostet erstmal gar nichts. Und es wird auch als Mitglied nicht viel kosten \ud83d\ude09<\/em><\/p>\n","protected":false},"excerpt":{"rendered":"<p>Die Gr\u00fcne Jugend Emsland \/ Grafschaft Bentheim Wir sind die Gr\u00fcne Jugend in der Grafschaft Bentheim und Emsland und haben uns Anfang des Jahres gegr\u00fcndet, sind also noch ganz frisch [&hellip;]<\/p>\n","protected":false},"author":4,"featured_media":0,"parent":0,"menu_order":0,"comment_status":"closed","ping_status":"closed","template":"","meta":{"footnotes":""},"class_list":["post-2044","page","type-page","status-publish","hentry"],"_links":{"self":[{"href":"https:\/\/gruene-emsland-mitte.de\/index.php?rest_route=\/wp\/v2\/pages\/2044","targetHints":{"allow":["GET"]}}],"collection":[{"href":"https:\/\/gruene-emsland-mitte.de\/index.php?rest_route=\/wp\/v2\/pages"}],"about":[{"href":"https:\/\/gruene-emsland-mitte.de\/index.php?rest_route=\/wp\/v2\/types\/page"}],"author":[{"embeddable":true,"href":"https:\/\/gruene-emsland-mitte.de\/index.php?rest_route=\/wp\/v2\/users\/4"}],"replies":[{"embeddable":true,"href":"https:\/\/gruene-emsland-mitte.de\/index.php?rest_route=%2Fwp%2Fv2%2Fcomments&post=2044"}],"version-history":[{"count":3,"href":"https:\/\/gruene-emsland-mitte.de\/index.php?rest_route=\/wp\/v2\/pages\/2044\/revisions"}],"predecessor-version":[{"id":2052,"href":"https:\/\/gruene-emsland-mitte.de\/index.php?rest_route=\/wp\/v2\/pages\/2044\/revisions\/2052"}],"wp:attachment":[{"href":"https:\/\/gruene-emsland-mitte.de\/index.php?rest_route=%2Fwp%2Fv2%2Fmedia&parent=2044"}],"curies":[{"name":"wp","href":"https:\/\/api.w.org\/{rel}","templated":true}]}}