{"id":800,"date":"2019-04-23T18:27:06","date_gmt":"2019-04-23T18:27:06","guid":{"rendered":"https:\/\/die-gruenen-meppen.de\/?page_id=800"},"modified":"2019-04-23T19:52:01","modified_gmt":"2019-04-23T19:52:01","slug":"gruene-im-emsland","status":"publish","type":"page","link":"https:\/\/gruene-emsland-mitte.de\/?page_id=800","title":{"rendered":"Gr\u00fcne im Emsland"},"content":{"rendered":"\n<p>Drei gr\u00fcne Ortsverb\u00e4nde sind im Landkreis Emsland aktiv.<\/p>\n\n\n\n<p>Im Ortsverband Emsland-Nord sind die Aktivit\u00e4ten in der Stadt Papenburg und den Gemeinden und Samtgemeinden Rhede, Nordh\u00fcmmling, Aschendorf, D\u00f6rpen, Lathen, S\u00f6gel und Werlte zusammengefasst.<\/p>\n\n\n\n<p>Der Ortsverband Emsland-Mitte b\u00fcndelt das gr\u00fcne Leben in den St\u00e4dten Meppen, Haren, Hasel\u00fcnne, sowie den Gemeinden Geeste, Herzlake und Twist.<\/p>\n\n\n\n<p>Im s\u00fcdlichen Landkreis Emsland ist der Ortsverband Emsland-S\u00fcd aktiv. Er vertritt gr\u00fcne Interessen in Lingen, Lengerich, Freren, Emsb\u00fcren, Spelle und Salzbergen.<\/p>\n","protected":false},"excerpt":{"rendered":"<p>Drei gr\u00fcne Ortsverb\u00e4nde sind im Landkreis Emsland aktiv. Im Ortsverband Emsland-Nord sind die Aktivit\u00e4ten in der Stadt Papenburg und den Gemeinden und Samtgemeinden Rhede, Nordh\u00fcmmling, Aschendorf, D\u00f6rpen, Lathen, S\u00f6gel und [&hellip;]<\/p>\n","protected":false},"author":1,"featured_media":0,"parent":0,"menu_order":0,"comment_status":"closed","ping_status":"closed","template":"","meta":{"footnotes":""},"class_list":["post-800","page","type-page","status-publish","hentry"],"_links":{"self":[{"href":"https:\/\/gruene-emsland-mitte.de\/index.php?rest_route=\/wp\/v2\/pages\/800","targetHints":{"allow":["GET"]}}],"collection":[{"href":"https:\/\/gruene-emsland-mitte.de\/index.php?rest_route=\/wp\/v2\/pages"}],"about":[{"href":"https:\/\/gruene-emsland-mitte.de\/index.php?rest_route=\/wp\/v2\/types\/page"}],"author":[{"embeddable":true,"href":"https:\/\/gruene-emsland-mitte.de\/index.php?rest_route=\/wp\/v2\/users\/1"}],"replies":[{"embeddable":true,"href":"https:\/\/gruene-emsland-mitte.de\/index.php?rest_route=%2Fwp%2Fv2%2Fcomments&post=800"}],"version-history":[{"count":4,"href":"https:\/\/gruene-emsland-mitte.de\/index.php?rest_route=\/wp\/v2\/pages\/800\/revisions"}],"predecessor-version":[{"id":820,"href":"https:\/\/gruene-emsland-mitte.de\/index.php?rest_route=\/wp\/v2\/pages\/800\/revisions\/820"}],"wp:attachment":[{"href":"https:\/\/gruene-emsland-mitte.de\/index.php?rest_route=%2Fwp%2Fv2%2Fmedia&parent=800"}],"curies":[{"name":"wp","href":"https:\/\/api.w.org\/{rel}","templated":true}]}}